{"id":11851,"date":"2026-02-23T21:38:31","date_gmt":"2026-02-23T21:38:31","guid":{"rendered":"https:\/\/www.modelartspa.com\/mas\/?page_id=11851"},"modified":"2026-03-04T18:50:32","modified_gmt":"2026-03-04T18:50:32","slug":"ma-skincare","status":"publish","type":"page","link":"https:\/\/www.modelartspa.com\/mas\/ma-skincare\/","title":{"rendered":"MA Skincare"},"content":{"rendered":"\t\t<div data-elementor-type=\"wp-page\" data-elementor-id=\"11851\" class=\"elementor elementor-11851\">\n\t\t\t\t<div class=\"elementor-element elementor-element-f1fcba7 e-flex e-con-boxed e-con e-parent\" data-id=\"f1fcba7\" data-element_type=\"container\" data-e-type=\"container\">\n\t\t\t\t\t<div class=\"e-con-inner\">\n\t\t\t\t<div class=\"elementor-element elementor-element-114f0ad elementor-widget elementor-widget-image\" data-id=\"114f0ad\" data-element_type=\"widget\" data-e-type=\"widget\" data-widget_type=\"image.default\">\n\t\t\t\t<div class=\"elementor-widget-container\">\n\t\t\t\t\t\t\t\t\t\t\t\t\t\t\t<img decoding=\"async\" width=\"350\" height=\"106\" src=\"https:\/\/www.modelartspa.com\/mas\/wp-content\/uploads\/2026\/03\/Diseno-sin-titulo-23-350x106.png\" class=\"attachment-sydney-service-thumb size-sydney-service-thumb wp-image-12307\" alt=\"\" srcset=\"https:\/\/www.modelartspa.com\/mas\/wp-content\/uploads\/2026\/03\/Diseno-sin-titulo-23-350x106.png 350w, https:\/\/www.modelartspa.com\/mas\/wp-content\/uploads\/2026\/03\/Diseno-sin-titulo-23-300x91.png 300w, https:\/\/www.modelartspa.com\/mas\/wp-content\/uploads\/2026\/03\/Diseno-sin-titulo-23-230x70.png 230w, https:\/\/www.modelartspa.com\/mas\/wp-content\/uploads\/2026\/03\/Diseno-sin-titulo-23-480x145.png 480w, https:\/\/www.modelartspa.com\/mas\/wp-content\/uploads\/2026\/03\/Diseno-sin-titulo-23.png 495w\" sizes=\"(max-width: 350px) 100vw, 350px\" \/>\t\t\t\t\t\t\t\t\t\t\t\t\t\t\t<\/div>\n\t\t\t\t<\/div>\n\t\t\t\t<div class=\"elementor-element elementor-element-a54bd4b elementor-widget elementor-widget-heading\" data-id=\"a54bd4b\" data-element_type=\"widget\" data-e-type=\"widget\" data-widget_type=\"heading.default\">\n\t\t\t\t<div class=\"elementor-widget-container\">\n\t\t\t\t\t<h3 class=\"elementor-heading-title elementor-size-default\">Genera ingresos extras y \u00fanete a nuestra red de promotoras<\/h3>\t\t\t\t<\/div>\n\t\t\t\t<\/div>\n\t\t\t\t\t<\/div>\n\t\t\t\t<\/div>\n\t\t<div class=\"elementor-element elementor-element-5588356 e-con-full e-flex e-con e-parent\" data-id=\"5588356\" data-element_type=\"container\" data-e-type=\"container\">\n\t\t\t\t<div class=\"elementor-element elementor-element-17f3739 e-n-tabs-mobile elementor-widget elementor-widget-n-tabs\" data-id=\"17f3739\" data-element_type=\"widget\" data-e-type=\"widget\" data-settings=\"{&quot;horizontal_scroll&quot;:&quot;disable&quot;}\" data-widget_type=\"nested-tabs.default\">\n\t\t\t\t<div class=\"elementor-widget-container\">\n\t\t\t\t\t\t\t<div class=\"e-n-tabs\" data-widget-number=\"25114425\" aria-label=\"Pesta\u00f1as. Abre elementos con Intro o Espacio, ci\u00e9rralos con Escape y navega con las fechas.\">\n\t\t\t<div class=\"e-n-tabs-heading\" role=\"tablist\">\n\t\t\t\t\t<button id=\"e-n-tab-title-251144251\" data-tab-title-id=\"e-n-tab-title-251144251\" class=\"e-n-tab-title elementor-animation-pulse\" aria-selected=\"true\" data-tab-index=\"1\" role=\"tab\" tabindex=\"0\" aria-controls=\"e-n-tab-content-251144251\" style=\"--n-tabs-title-order: 1;\">\n\t\t\t\t\t\t<span class=\"e-n-tab-title-text\">\n\t\t\t\t\u00bfQui\u00e9nes Somos?\t\t\t<\/span>\n\t\t<\/button>\n\t\t\t\t<button id=\"e-n-tab-title-251144252\" data-tab-title-id=\"e-n-tab-title-251144252\" class=\"e-n-tab-title elementor-animation-pulse\" aria-selected=\"false\" data-tab-index=\"2\" role=\"tab\" tabindex=\"-1\" aria-controls=\"e-n-tab-content-251144252\" style=\"--n-tabs-title-order: 2;\">\n\t\t\t\t\t\t<span class=\"e-n-tab-title-text\">\n\t\t\t\tNuestro Prop\u00f3sito\t\t\t<\/span>\n\t\t<\/button>\n\t\t\t\t<button id=\"e-n-tab-title-251144253\" data-tab-title-id=\"e-n-tab-title-251144253\" class=\"e-n-tab-title elementor-animation-pulse\" aria-selected=\"false\" data-tab-index=\"3\" role=\"tab\" tabindex=\"-1\" aria-controls=\"e-n-tab-content-251144253\" style=\"--n-tabs-title-order: 3;\">\n\t\t\t\t\t\t<span class=\"e-n-tab-title-text\">\n\t\t\t\tMisi\u00f3n\t\t\t<\/span>\n\t\t<\/button>\n\t\t\t\t\t<\/div>\n\t\t\t<div class=\"e-n-tabs-content\">\n\t\t\t\t<div id=\"e-n-tab-content-251144251\" role=\"tabpanel\" aria-labelledby=\"e-n-tab-title-251144251\" data-tab-index=\"1\" style=\"--n-tabs-title-order: 1;\" class=\"e-active elementor-element elementor-element-51a5f3d e-con-full e-flex e-con e-child\" data-id=\"51a5f3d\" data-element_type=\"container\" data-e-type=\"container\">\n\t\t\t\t<div class=\"elementor-element elementor-element-f17d736 elementor-widget elementor-widget-heading\" data-id=\"f17d736\" data-element_type=\"widget\" data-e-type=\"widget\" data-widget_type=\"heading.default\">\n\t\t\t\t<div class=\"elementor-widget-container\">\n\t\t\t\t\t<h4 class=\"elementor-heading-title elementor-size-default\">\u00bfQui\u00e9nes somos?<\/h4>\t\t\t\t<\/div>\n\t\t\t\t<\/div>\n\t\t\t\t<div class=\"elementor-element elementor-element-1f2159a elementor-widget elementor-widget-text-editor\" data-id=\"1f2159a\" data-element_type=\"widget\" data-e-type=\"widget\" data-widget_type=\"text-editor.default\">\n\t\t\t\t<div class=\"elementor-widget-container\">\n\t\t\t\t\t\t\t\t\t<p><span style=\"font-weight: 400;\">MA SKINCARE Cosm\u00e9tica Profesional es una marca especializada en dermocosm\u00e9tica avanzada, creada bajo los m\u00e1s altos est\u00e1ndares cient\u00edficos y est\u00e9ticos. Su filosof\u00eda se basa en la fusi\u00f3n entre ciencia, naturaleza y resultados visibles, ofreciendo tratamientos que equilibran innovaci\u00f3n biotecnol\u00f3gica con el poder de los extractos naturales.<\/span><\/p><p><span style=\"font-weight: 400;\">Cada formulaci\u00f3n est\u00e1 dise\u00f1ada para potenciar la salud y belleza de la piel, abordando sus necesidades desde un enfoque profesional y cl\u00ednicamente respaldado. Los productos de MA SKINCARE integran activos de nueva generaci\u00f3n como exosomas PDRN, \u00e1cido hialur\u00f3nico, niacinamida y centella asi\u00e1tica que estimulan los procesos naturales de regeneraci\u00f3n celular, hidrataci\u00f3n profunda y protecci\u00f3n antioxidante.<\/span><\/p>\t\t\t\t\t\t\t\t<\/div>\n\t\t\t\t<\/div>\n\t\t\t\t<\/div>\n\t\t<div id=\"e-n-tab-content-251144252\" role=\"tabpanel\" aria-labelledby=\"e-n-tab-title-251144252\" data-tab-index=\"2\" style=\"--n-tabs-title-order: 2;\" class=\" elementor-element elementor-element-70c285a e-con-full e-flex e-con e-child\" data-id=\"70c285a\" data-element_type=\"container\" data-e-type=\"container\">\n\t\t\t\t<div class=\"elementor-element elementor-element-14d8ec4 elementor-widget elementor-widget-heading\" data-id=\"14d8ec4\" data-element_type=\"widget\" data-e-type=\"widget\" data-widget_type=\"heading.default\">\n\t\t\t\t<div class=\"elementor-widget-container\">\n\t\t\t\t\t<h4 class=\"elementor-heading-title elementor-size-default\">Nuestro Prop\u00f3sito<\/h4>\t\t\t\t<\/div>\n\t\t\t\t<\/div>\n\t\t\t\t<div class=\"elementor-element elementor-element-96d6f7c elementor-widget elementor-widget-text-editor\" data-id=\"96d6f7c\" data-element_type=\"widget\" data-e-type=\"widget\" data-widget_type=\"text-editor.default\">\n\t\t\t\t<div class=\"elementor-widget-container\">\n\t\t\t\t\t\t\t\t\t<p><span style=\"font-weight: 400;\">Crear una red de vendedoras profesionales y asesoras de belleza que representen MA SKINCARE Cosm\u00e9tica Profesional, ofreciendo cosm\u00e9ticos de grado profesional con respaldo t\u00e9cnico y evidencia funcional.<\/span><\/p><p><span style=\"font-weight: 400;\">El modelo busca empoderar a mujeres emprendedoras que deseen crecer con una marca seria, rentable y con identidad cient\u00edfica, dentro del mundo del cuidado facial avanzado.<\/span><\/p>\t\t\t\t\t\t\t\t<\/div>\n\t\t\t\t<\/div>\n\t\t\t\t<\/div>\n\t\t<div id=\"e-n-tab-content-251144253\" role=\"tabpanel\" aria-labelledby=\"e-n-tab-title-251144253\" data-tab-index=\"3\" style=\"--n-tabs-title-order: 3;\" class=\" elementor-element elementor-element-6180bcc e-con-full e-flex e-con e-child\" data-id=\"6180bcc\" data-element_type=\"container\" data-e-type=\"container\">\n\t\t\t\t<div class=\"elementor-element elementor-element-195d16d elementor-widget elementor-widget-heading\" data-id=\"195d16d\" data-element_type=\"widget\" data-e-type=\"widget\" data-widget_type=\"heading.default\">\n\t\t\t\t<div class=\"elementor-widget-container\">\n\t\t\t\t\t<h4 class=\"elementor-heading-title elementor-size-default\">Misi\u00f3n<\/h4>\t\t\t\t<\/div>\n\t\t\t\t<\/div>\n\t\t\t\t<div class=\"elementor-element elementor-element-2b4b410 elementor-widget elementor-widget-text-editor\" data-id=\"2b4b410\" data-element_type=\"widget\" data-e-type=\"widget\" data-widget_type=\"text-editor.default\">\n\t\t\t\t<div class=\"elementor-widget-container\">\n\t\t\t\t\t\t\t\t\t<p><span style=\"font-weight: 400;\">Brindar soluciones dermocosm\u00e9ticas profesionales de alta calidad que promuevan el cuidado integral de la piel, combinando ciencia, naturaleza y tecnolog\u00eda.<\/span><\/p><p><span style=\"font-weight: 400;\">MA SKINCARE se compromete a capacitar y empoderar a profesionales de la belleza mediante productos eficaces, seguros y con resultados visibles, contribuyendo al bienestar, la confianza y la autoestima de\u00a0cada\u00a0persona.<\/span><\/p>\t\t\t\t\t\t\t\t<\/div>\n\t\t\t\t<\/div>\n\t\t\t\t<\/div>\n\t\t\t\t\t<\/div>\n\t\t<\/div>\n\t\t\t\t\t\t<\/div>\n\t\t\t\t<\/div>\n\t\t<div class=\"elementor-element elementor-element-d4de215 e-con-full e-flex e-con e-child\" data-id=\"d4de215\" data-element_type=\"container\" data-e-type=\"container\">\n\t\t\t\t<div class=\"elementor-element elementor-element-30ae681 elementor-widget elementor-widget-spacer\" data-id=\"30ae681\" data-element_type=\"widget\" data-e-type=\"widget\" data-widget_type=\"spacer.default\">\n\t\t\t\t<div class=\"elementor-widget-container\">\n\t\t\t\t\t\t\t<div class=\"elementor-spacer\">\n\t\t\t<div class=\"elementor-spacer-inner\"><\/div>\n\t\t<\/div>\n\t\t\t\t\t\t<\/div>\n\t\t\t\t<\/div>\n\t\t\t\t<div class=\"elementor-element elementor-element-12e4223 elementor-widget__width-inherit elementor-widget elementor-widget-video\" data-id=\"12e4223\" data-element_type=\"widget\" data-e-type=\"widget\" data-settings=\"{&quot;youtube_url&quot;:&quot;https:\\\/\\\/youtu.be\\\/xfL0_jF0o6I&quot;,&quot;autoplay&quot;:&quot;yes&quot;,&quot;play_on_mobile&quot;:&quot;yes&quot;,&quot;loop&quot;:&quot;yes&quot;,&quot;mute&quot;:&quot;yes&quot;,&quot;video_type&quot;:&quot;youtube&quot;,&quot;controls&quot;:&quot;yes&quot;}\" data-widget_type=\"video.default\">\n\t\t\t\t<div class=\"elementor-widget-container\">\n\t\t\t\t\t\t\t<div class=\"elementor-wrapper elementor-open-inline\">\n\t\t\t<div class=\"elementor-video\"><\/div>\t\t<\/div>\n\t\t\t\t\t\t<\/div>\n\t\t\t\t<\/div>\n\t\t\t\t<\/div>\n\t\t\t\t<\/div>\n\t\t<div class=\"elementor-element elementor-element-7c793c5 e-flex e-con-boxed e-con e-parent\" data-id=\"7c793c5\" data-element_type=\"container\" data-e-type=\"container\">\n\t\t\t\t\t<div class=\"e-con-inner\">\n\t\t\t\t<div class=\"elementor-element elementor-element-515a588 elementor-widget elementor-widget-heading\" data-id=\"515a588\" data-element_type=\"widget\" data-e-type=\"widget\" data-widget_type=\"heading.default\">\n\t\t\t\t<div class=\"elementor-widget-container\">\n\t\t\t\t\t<h4 class=\"elementor-heading-title elementor-size-default\">Conoce nuestros productos MA Skincare<\/h4>\t\t\t\t<\/div>\n\t\t\t\t<\/div>\n\t\t\t\t\t<\/div>\n\t\t\t\t<\/div>\n\t\t<div class=\"elementor-element elementor-element-d010e1d e-flex e-con-boxed e-con e-parent\" data-id=\"d010e1d\" data-element_type=\"container\" data-e-type=\"container\">\n\t\t\t\t\t<div class=\"e-con-inner\">\n\t\t\t\t<div class=\"elementor-element elementor-element-e1b2ff6 elementor-arrows-position-inside elementor-pagination-position-outside elementor-widget elementor-widget-image-carousel\" data-id=\"e1b2ff6\" data-element_type=\"widget\" data-e-type=\"widget\" data-settings=\"{&quot;slides_to_show&quot;:&quot;10&quot;,&quot;navigation&quot;:&quot;both&quot;,&quot;autoplay&quot;:&quot;yes&quot;,&quot;pause_on_hover&quot;:&quot;yes&quot;,&quot;pause_on_interaction&quot;:&quot;yes&quot;,&quot;autoplay_speed&quot;:5000,&quot;infinite&quot;:&quot;yes&quot;,&quot;speed&quot;:500}\" data-widget_type=\"image-carousel.default\">\n\t\t\t\t<div class=\"elementor-widget-container\">\n\t\t\t\t\t\t\t<div class=\"elementor-image-carousel-wrapper swiper\" role=\"region\" aria-roledescription=\"carousel\" aria-label=\"Carrusel de Im\u00e1genes\" dir=\"ltr\">\n\t\t\t<div class=\"elementor-image-carousel swiper-wrapper\" aria-live=\"off\">\n\t\t\t\t\t\t\t\t<div class=\"swiper-slide\" role=\"group\" aria-roledescription=\"slide\" aria-label=\"1 de 12\"><figure class=\"swiper-slide-inner\"><img decoding=\"async\" class=\"swiper-slide-image\" src=\"https:\/\/www.modelartspa.com\/mas\/wp-content\/uploads\/2026\/02\/Leche-limpiadora-azuleno-85x300.png\" alt=\"Leche limpiadora azuleno\" \/><\/figure><\/div><div class=\"swiper-slide\" role=\"group\" aria-roledescription=\"slide\" aria-label=\"2 de 12\"><figure class=\"swiper-slide-inner\"><img decoding=\"async\" class=\"swiper-slide-image\" src=\"https:\/\/www.modelartspa.com\/mas\/wp-content\/uploads\/2026\/02\/Pantalla-facial-en-gel-87x300.png\" alt=\"Pantalla facial en gel\" \/><\/figure><\/div><div class=\"swiper-slide\" role=\"group\" aria-roledescription=\"slide\" aria-label=\"3 de 12\"><figure class=\"swiper-slide-inner\"><img decoding=\"async\" class=\"swiper-slide-image\" src=\"https:\/\/www.modelartspa.com\/mas\/wp-content\/uploads\/2026\/02\/Serum-acido-ferulico-84x300.png\" alt=\"S\u00e9rum \u00e1cido ferulico\" \/><\/figure><\/div><div class=\"swiper-slide\" role=\"group\" aria-roledescription=\"slide\" aria-label=\"4 de 12\"><figure class=\"swiper-slide-inner\"><img decoding=\"async\" class=\"swiper-slide-image\" src=\"https:\/\/www.modelartspa.com\/mas\/wp-content\/uploads\/2026\/02\/Serum-acido-hialuronico-y-niacinamida-85x300.png\" alt=\"S\u00e9rum \u00e1cido hialur\u00f3nico y niacinamida\" \/><\/figure><\/div><div class=\"swiper-slide\" role=\"group\" aria-roledescription=\"slide\" aria-label=\"5 de 12\"><figure class=\"swiper-slide-inner\"><img decoding=\"async\" class=\"swiper-slide-image\" src=\"https:\/\/www.modelartspa.com\/mas\/wp-content\/uploads\/2026\/02\/Serum-acido-kojico-Arbutina-y-vitamina-C-77x300.png\" alt=\"S\u00e9rum \u00e1cido kojico, Arbutina y vitamina C\" \/><\/figure><\/div><div class=\"swiper-slide\" role=\"group\" aria-roledescription=\"slide\" aria-label=\"6 de 12\"><figure class=\"swiper-slide-inner\"><img decoding=\"async\" class=\"swiper-slide-image\" src=\"https:\/\/www.modelartspa.com\/mas\/wp-content\/uploads\/2026\/02\/Serum-bacuchiol-85x300.png\" alt=\"S\u00e9rum bacuchiol\" \/><\/figure><\/div><div class=\"swiper-slide\" role=\"group\" aria-roledescription=\"slide\" aria-label=\"7 de 12\"><figure class=\"swiper-slide-inner\"><img decoding=\"async\" class=\"swiper-slide-image\" src=\"https:\/\/www.modelartspa.com\/mas\/wp-content\/uploads\/2026\/02\/Serum-DMAE-73x300.png\" alt=\"S\u00e9rum DMAE\" \/><\/figure><\/div><div class=\"swiper-slide\" role=\"group\" aria-roledescription=\"slide\" aria-label=\"8 de 12\"><figure class=\"swiper-slide-inner\"><img decoding=\"async\" class=\"swiper-slide-image\" src=\"https:\/\/www.modelartspa.com\/mas\/wp-content\/uploads\/2026\/02\/Serum-exosomas-80x300.png\" alt=\"S\u00e9rum exosomas\" \/><\/figure><\/div><div class=\"swiper-slide\" role=\"group\" aria-roledescription=\"slide\" aria-label=\"9 de 12\"><figure class=\"swiper-slide-inner\"><img decoding=\"async\" class=\"swiper-slide-image\" src=\"https:\/\/www.modelartspa.com\/mas\/wp-content\/uploads\/2026\/02\/Serum-purificante-82x300.png\" alt=\"S\u00e9rum purificante\" \/><\/figure><\/div><div class=\"swiper-slide\" role=\"group\" aria-roledescription=\"slide\" aria-label=\"10 de 12\"><figure class=\"swiper-slide-inner\"><img decoding=\"async\" class=\"swiper-slide-image\" src=\"https:\/\/www.modelartspa.com\/mas\/wp-content\/uploads\/2026\/02\/Serum-Retinol-85x300.png\" alt=\"S\u00e9rum Retinol\" \/><\/figure><\/div><div class=\"swiper-slide\" role=\"group\" aria-roledescription=\"slide\" aria-label=\"11 de 12\"><figure class=\"swiper-slide-inner\"><img decoding=\"async\" class=\"swiper-slide-image\" src=\"https:\/\/www.modelartspa.com\/mas\/wp-content\/uploads\/2026\/02\/Serum-rosa-mosqueta-y-vitamina-C-76x300.png\" alt=\"S\u00e9rum rosa mosqueta y vitamina C\" \/><\/figure><\/div><div class=\"swiper-slide\" role=\"group\" aria-roledescription=\"slide\" aria-label=\"12 de 12\"><figure class=\"swiper-slide-inner\"><img decoding=\"async\" class=\"swiper-slide-image\" src=\"https:\/\/www.modelartspa.com\/mas\/wp-content\/uploads\/2026\/02\/Shampoo-Saponaria-87x300.png\" alt=\"Shampoo Saponaria\" \/><\/figure><\/div>\t\t\t<\/div>\n\t\t\t\t\t\t\t\t\t\t\t\t<div class=\"elementor-swiper-button elementor-swiper-button-prev\" role=\"button\" tabindex=\"0\">\n\t\t\t\t\t\t<svg aria-hidden=\"true\" class=\"e-font-icon-svg e-eicon-chevron-left\" viewBox=\"0 0 1000 1000\" xmlns=\"http:\/\/www.w3.org\/2000\/svg\"><path d=\"M646 125C629 125 613 133 604 142L308 442C296 454 292 471 292 487 292 504 296 521 308 533L604 854C617 867 629 875 646 875 663 875 679 871 692 858 704 846 713 829 713 812 713 796 708 779 692 767L438 487 692 225C700 217 708 204 708 187 708 171 704 154 692 142 675 129 663 125 646 125Z\"><\/path><\/svg>\t\t\t\t\t<\/div>\n\t\t\t\t\t<div class=\"elementor-swiper-button elementor-swiper-button-next\" role=\"button\" tabindex=\"0\">\n\t\t\t\t\t\t<svg aria-hidden=\"true\" class=\"e-font-icon-svg e-eicon-chevron-right\" viewBox=\"0 0 1000 1000\" xmlns=\"http:\/\/www.w3.org\/2000\/svg\"><path d=\"M696 533C708 521 713 504 713 487 713 471 708 454 696 446L400 146C388 133 375 125 354 125 338 125 325 129 313 142 300 154 292 171 292 187 292 204 296 221 308 233L563 492 304 771C292 783 288 800 288 817 288 833 296 850 308 863 321 871 338 875 354 875 371 875 388 867 400 854L696 533Z\"><\/path><\/svg>\t\t\t\t\t<\/div>\n\t\t\t\t\n\t\t\t\t\t\t\t\t\t<div class=\"swiper-pagination\"><\/div>\n\t\t\t\t\t\t\t\t\t<\/div>\n\t\t\t\t\t\t<\/div>\n\t\t\t\t<\/div>\n\t\t\t\t<div class=\"elementor-element elementor-element-544d905 elementor-widget elementor-widget-heading\" data-id=\"544d905\" data-element_type=\"widget\" data-e-type=\"widget\" data-widget_type=\"heading.default\">\n\t\t\t\t<div class=\"elementor-widget-container\">\n\t\t\t\t\t<h5 class=\"elementor-heading-title elementor-size-default\">Ingresa a nuestra p\u00e1gina de MASKINCARE y realiza tu compra <\/h5>\t\t\t\t<\/div>\n\t\t\t\t<\/div>\n\t\t\t\t<div class=\"elementor-element elementor-element-3a6efc0 elementor-widget elementor-widget-heading\" data-id=\"3a6efc0\" data-element_type=\"widget\" data-e-type=\"widget\" data-widget_type=\"heading.default\">\n\t\t\t\t<div class=\"elementor-widget-container\">\n\t\t\t\t\t<h5 class=\"elementor-heading-title elementor-size-default\"><a href=\"https:\/\/maskincare.com.mx\/\"><u>https:\/\/maskincare.com.mx\/<\/u><\/a><\/h5>\t\t\t\t<\/div>\n\t\t\t\t<\/div>\n\t\t\t\t\t<\/div>\n\t\t\t\t<\/div>\n\t\t<div class=\"elementor-element elementor-element-8abc96f e-flex e-con-boxed e-con e-parent\" data-id=\"8abc96f\" data-element_type=\"container\" data-e-type=\"container\" data-settings=\"{&quot;background_background&quot;:&quot;gradient&quot;}\">\n\t\t\t\t\t<div class=\"e-con-inner\">\n\t\t<div class=\"elementor-element elementor-element-0919e80 e-con-full e-flex e-con e-child\" data-id=\"0919e80\" data-element_type=\"container\" data-e-type=\"container\">\n\t\t\t\t<div class=\"elementor-element elementor-element-7c1881e e-n-tabs-mobile elementor-widget elementor-widget-n-tabs\" data-id=\"7c1881e\" data-element_type=\"widget\" data-e-type=\"widget\" data-settings=\"{&quot;horizontal_scroll&quot;:&quot;disable&quot;}\" data-widget_type=\"nested-tabs.default\">\n\t\t\t\t<div class=\"elementor-widget-container\">\n\t\t\t\t\t\t\t<div class=\"e-n-tabs\" data-widget-number=\"130123806\" aria-label=\"Pesta\u00f1as. Abre elementos con Intro o Espacio, ci\u00e9rralos con Escape y navega con las fechas.\">\n\t\t\t<div class=\"e-n-tabs-heading\" role=\"tablist\">\n\t\t\t\t\t<button id=\"e-n-tab-title-1301238061\" data-tab-title-id=\"e-n-tab-title-1301238061\" class=\"e-n-tab-title elementor-animation-pulse\" aria-selected=\"true\" data-tab-index=\"1\" role=\"tab\" tabindex=\"0\" aria-controls=\"e-n-tab-content-1301238061\" style=\"--n-tabs-title-order: 1;\">\n\t\t\t\t\t\t<span class=\"e-n-tab-title-text\">\n\t\t\t\tContacto\t\t\t<\/span>\n\t\t<\/button>\n\t\t\t\t\t<\/div>\n\t\t\t<div class=\"e-n-tabs-content\">\n\t\t\t\t<div id=\"e-n-tab-content-1301238061\" role=\"tabpanel\" aria-labelledby=\"e-n-tab-title-1301238061\" data-tab-index=\"1\" style=\"--n-tabs-title-order: 1;\" class=\"e-active elementor-element elementor-element-0415903 e-con-full e-flex e-con e-child\" data-id=\"0415903\" data-element_type=\"container\" data-e-type=\"container\">\n\t\t\t\t<div class=\"elementor-element elementor-element-a8e7f1a elementor-widget elementor-widget-heading\" data-id=\"a8e7f1a\" data-element_type=\"widget\" data-e-type=\"widget\" data-widget_type=\"heading.default\">\n\t\t\t\t<div class=\"elementor-widget-container\">\n\t\t\t\t\t<h2 class=\"elementor-heading-title elementor-size-default\">Cont\u00e1ctanos<\/h2>\t\t\t\t<\/div>\n\t\t\t\t<\/div>\n\t\t\t\t<div class=\"elementor-element elementor-element-952a67f elementor-widget elementor-widget-text-editor\" data-id=\"952a67f\" data-element_type=\"widget\" data-e-type=\"widget\" data-widget_type=\"text-editor.default\">\n\t\t\t\t<div class=\"elementor-widget-container\">\n\t\t\t\t\t\t\t\t\t<p><b>Tel\u00e9fono: 221 262 0773<\/b><\/p><p><b>Email: pedidos@maskincare.com.mx<\/b><\/p>\t\t\t\t\t\t\t\t<\/div>\n\t\t\t\t<\/div>\n\t\t\t\t<\/div>\n\t\t\t\t\t<\/div>\n\t\t<\/div>\n\t\t\t\t\t\t<\/div>\n\t\t\t\t<\/div>\n\t\t\t\t<\/div>\n\t\t<div class=\"elementor-element elementor-element-fedd130 e-con-full e-flex e-con e-child\" data-id=\"fedd130\" data-element_type=\"container\" data-e-type=\"container\">\n\t\t\t\t<div class=\"elementor-element elementor-element-37a250e elementor-widget elementor-widget-image\" data-id=\"37a250e\" data-element_type=\"widget\" data-e-type=\"widget\" data-widget_type=\"image.default\">\n\t\t\t\t<div class=\"elementor-widget-container\">\n\t\t\t\t\t\t\t\t\t\t\t\t\t\t\t<img fetchpriority=\"high\" decoding=\"async\" width=\"1024\" height=\"576\" src=\"https:\/\/www.modelartspa.com\/mas\/wp-content\/uploads\/2026\/03\/Flujo_compra-1-1024x576.jpeg\" class=\"attachment-large size-large wp-image-12317\" alt=\"\" srcset=\"https:\/\/www.modelartspa.com\/mas\/wp-content\/uploads\/2026\/03\/Flujo_compra-1-1024x576.jpeg 1024w, https:\/\/www.modelartspa.com\/mas\/wp-content\/uploads\/2026\/03\/Flujo_compra-1-300x169.jpeg 300w, https:\/\/www.modelartspa.com\/mas\/wp-content\/uploads\/2026\/03\/Flujo_compra-1-768x432.jpeg 768w, https:\/\/www.modelartspa.com\/mas\/wp-content\/uploads\/2026\/03\/Flujo_compra-1-1536x864.jpeg 1536w, https:\/\/www.modelartspa.com\/mas\/wp-content\/uploads\/2026\/03\/Flujo_compra-1-1000x563.jpeg 1000w, https:\/\/www.modelartspa.com\/mas\/wp-content\/uploads\/2026\/03\/Flujo_compra-1-230x129.jpeg 230w, https:\/\/www.modelartspa.com\/mas\/wp-content\/uploads\/2026\/03\/Flujo_compra-1-350x197.jpeg 350w, https:\/\/www.modelartspa.com\/mas\/wp-content\/uploads\/2026\/03\/Flujo_compra-1-480x270.jpeg 480w, https:\/\/www.modelartspa.com\/mas\/wp-content\/uploads\/2026\/03\/Flujo_compra-1-800x450.jpeg 800w, https:\/\/www.modelartspa.com\/mas\/wp-content\/uploads\/2026\/03\/Flujo_compra-1.jpeg 1600w\" sizes=\"(max-width: 1024px) 100vw, 1024px\" \/>\t\t\t\t\t\t\t\t\t\t\t\t\t\t\t<\/div>\n\t\t\t\t<\/div>\n\t\t\t\t<\/div>\n\t\t\t\t\t<\/div>\n\t\t\t\t<\/div>\n\t\t\t\t<\/div>\n\t\t","protected":false},"excerpt":{"rendered":"<p>Genera ingresos extras y \u00fanete a nuestra red de promotoras \u00bfQui\u00e9nes Somos? Nuestro Prop\u00f3sito Misi\u00f3n \u00bfQui\u00e9nes somos? MA SKINCARE Cosm\u00e9tica Profesional es [&hellip;]<\/p>\n","protected":false},"author":1,"featured_media":0,"parent":0,"menu_order":0,"comment_status":"closed","ping_status":"closed","template":"elementor_header_footer","meta":{"footnotes":""},"class_list":["post-11851","page","type-page","status-publish","hentry"],"_links":{"self":[{"href":"https:\/\/www.modelartspa.com\/mas\/wp-json\/wp\/v2\/pages\/11851","targetHints":{"allow":["GET"]}}],"collection":[{"href":"https:\/\/www.modelartspa.com\/mas\/wp-json\/wp\/v2\/pages"}],"about":[{"href":"https:\/\/www.modelartspa.com\/mas\/wp-json\/wp\/v2\/types\/page"}],"author":[{"embeddable":true,"href":"https:\/\/www.modelartspa.com\/mas\/wp-json\/wp\/v2\/users\/1"}],"replies":[{"embeddable":true,"href":"https:\/\/www.modelartspa.com\/mas\/wp-json\/wp\/v2\/comments?post=11851"}],"version-history":[{"count":178,"href":"https:\/\/www.modelartspa.com\/mas\/wp-json\/wp\/v2\/pages\/11851\/revisions"}],"predecessor-version":[{"id":12332,"href":"https:\/\/www.modelartspa.com\/mas\/wp-json\/wp\/v2\/pages\/11851\/revisions\/12332"}],"wp:attachment":[{"href":"https:\/\/www.modelartspa.com\/mas\/wp-json\/wp\/v2\/media?parent=11851"}],"curies":[{"name":"wp","href":"https:\/\/api.w.org\/{rel}","templated":true}]}}