{"id":4848,"date":"2020-06-06T18:51:53","date_gmt":"2020-06-06T18:51:53","guid":{"rendered":"https:\/\/www.modelartspa.com\/mas\/?page_id=4848"},"modified":"2020-07-15T14:14:12","modified_gmt":"2020-07-15T14:14:12","slug":"masaje-energetico-con-cuarzos-2","status":"publish","type":"page","link":"https:\/\/www.modelartspa.com\/mas\/masaje-energetico-con-cuarzos-2\/","title":{"rendered":"Servicio Masaje energ\u00e9tico con cuarzos"},"content":{"rendered":"\t\t<div data-elementor-type=\"wp-post\" data-elementor-id=\"4848\" class=\"elementor elementor-4848\">\n\t\t\t\t\t\t<section class=\"elementor-section elementor-top-section elementor-element elementor-element-732701c elementor-section-boxed elementor-section-height-default elementor-section-height-default\" data-id=\"732701c\" data-element_type=\"section\" data-e-type=\"section\">\n\t\t\t\t\t\t<div class=\"elementor-container elementor-column-gap-default\">\n\t\t\t\t\t<div class=\"elementor-column elementor-col-100 elementor-top-column elementor-element elementor-element-ee67e49\" data-id=\"ee67e49\" data-element_type=\"column\" data-e-type=\"column\">\n\t\t\t<div class=\"elementor-widget-wrap elementor-element-populated\">\n\t\t\t\t\t\t<div class=\"elementor-element elementor-element-442993b elementor-widget elementor-widget-image\" data-id=\"442993b\" data-element_type=\"widget\" data-e-type=\"widget\" data-widget_type=\"image.default\">\n\t\t\t\t<div class=\"elementor-widget-container\">\n\t\t\t\t\t\t\t\t\t\t\t\t\t\t\t<img fetchpriority=\"high\" decoding=\"async\" width=\"800\" height=\"472\" src=\"https:\/\/www.modelartspa.com\/mas\/wp-content\/uploads\/2020\/04\/Masaje-energ\u00e9tico-con-cuarzos.png\" class=\"attachment-full size-full wp-image-3798\" alt=\"\" srcset=\"https:\/\/www.modelartspa.com\/mas\/wp-content\/uploads\/2020\/04\/Masaje-energ\u00e9tico-con-cuarzos.png 800w, https:\/\/www.modelartspa.com\/mas\/wp-content\/uploads\/2020\/04\/Masaje-energ\u00e9tico-con-cuarzos-600x354.png 600w, https:\/\/www.modelartspa.com\/mas\/wp-content\/uploads\/2020\/04\/Masaje-energ\u00e9tico-con-cuarzos-300x177.png 300w, https:\/\/www.modelartspa.com\/mas\/wp-content\/uploads\/2020\/04\/Masaje-energ\u00e9tico-con-cuarzos-768x453.png 768w, https:\/\/www.modelartspa.com\/mas\/wp-content\/uploads\/2020\/04\/Masaje-energ\u00e9tico-con-cuarzos-230x136.png 230w, https:\/\/www.modelartspa.com\/mas\/wp-content\/uploads\/2020\/04\/Masaje-energ\u00e9tico-con-cuarzos-350x207.png 350w, https:\/\/www.modelartspa.com\/mas\/wp-content\/uploads\/2020\/04\/Masaje-energ\u00e9tico-con-cuarzos-480x283.png 480w\" sizes=\"(max-width: 800px) 100vw, 800px\" \/>\t\t\t\t\t\t\t\t\t\t\t\t\t\t\t<\/div>\n\t\t\t\t<\/div>\n\t\t\t\t\t<\/div>\n\t\t<\/div>\n\t\t\t\t\t<\/div>\n\t\t<\/section>\n\t\t\t\t<section class=\"elementor-section elementor-top-section elementor-element elementor-element-64f0516 elementor-section-boxed elementor-section-height-default elementor-section-height-default\" data-id=\"64f0516\" data-element_type=\"section\" data-e-type=\"section\">\n\t\t\t\t\t\t<div class=\"elementor-container elementor-column-gap-default\">\n\t\t\t\t\t<div class=\"elementor-column elementor-col-100 elementor-top-column elementor-element elementor-element-14e79f6\" data-id=\"14e79f6\" data-element_type=\"column\" data-e-type=\"column\">\n\t\t\t<div class=\"elementor-widget-wrap elementor-element-populated\">\n\t\t\t\t\t\t<section class=\"elementor-section elementor-inner-section elementor-element elementor-element-2a430cb elementor-section-boxed elementor-section-height-default elementor-section-height-default\" data-id=\"2a430cb\" data-element_type=\"section\" data-e-type=\"section\">\n\t\t\t\t\t\t<div class=\"elementor-container elementor-column-gap-default\">\n\t\t\t\t\t<div class=\"elementor-column elementor-col-50 elementor-inner-column elementor-element elementor-element-2da79ec\" data-id=\"2da79ec\" data-element_type=\"column\" data-e-type=\"column\">\n\t\t\t<div class=\"elementor-widget-wrap elementor-element-populated\">\n\t\t\t\t\t\t<div class=\"elementor-element elementor-element-910cf1f elementor-widget elementor-widget-text-editor\" data-id=\"910cf1f\" data-element_type=\"widget\" data-e-type=\"widget\" data-widget_type=\"text-editor.default\">\n\t\t\t\t<div class=\"elementor-widget-container\">\n\t\t\t\t\t\t\t\t\t<p>\u00a1Este tratamiento forma parte de nuestros cuidados esenciales! T\u00f3malo una vez por semana y dile adi\u00f3s al estr\u00e9s acumulado.<\/p><p>En este masaje se emplean cuarzos tambi\u00e9n llamados piedra viva \u00f3 cristaloterapia, se le llama piedra viva ya que se cree posee la capacidad de recibir, almacenar y liberar energ\u00edas. Los cristales se comportan de forma diferente con cada persona dependiendo de lo que necesita, en conjunto con la aroma-cromoterapia en spray, las manipulaciones y la regulaci\u00f3n de energ\u00eda te har\u00e1n sentir renovado f\u00edsica y mentalmente.<\/p><div>\u00a0<\/div><p>\u00a0<\/p><div>\u00a0<\/div><p style=\"text-align: left;\">\u00a0<\/p>\t\t\t\t\t\t\t\t<\/div>\n\t\t\t\t<\/div>\n\t\t\t\t\t<\/div>\n\t\t<\/div>\n\t\t\t\t<div class=\"elementor-column elementor-col-50 elementor-inner-column elementor-element elementor-element-29d95e5\" data-id=\"29d95e5\" data-element_type=\"column\" data-e-type=\"column\">\n\t\t\t<div class=\"elementor-widget-wrap elementor-element-populated\">\n\t\t\t\t\t\t<div class=\"elementor-element elementor-element-085241d elementor-widget elementor-widget-text-editor\" data-id=\"085241d\" data-element_type=\"widget\" data-e-type=\"widget\" data-widget_type=\"text-editor.default\">\n\t\t\t\t<div class=\"elementor-widget-container\">\n\t\t\t\t\t\t\t\t\t<p><b>Incluye<\/b><strong>:<\/strong><\/p><ul><li style=\"list-style-type: none;\"><ul><li>Aroma-cromoterapia.<\/li><li>Musicoterapia.\u00a0<\/li><li>Masaje con aceites.\u00a0 \u00a0 \u00a0\u00a0<\/li><li>Esenciales relajantes.\u00a0<\/li><li>Aplicaci\u00f3n de cuarzos\u00a0 \u00a0en puntos energ\u00e9ticos.<\/li><\/ul><\/li><li><strong>\u00a0Duraci\u00f3n:<\/strong>1 hora.<\/li><\/ul>\t\t\t\t\t\t\t\t<\/div>\n\t\t\t\t<\/div>\n\t\t\t\t\t<\/div>\n\t\t<\/div>\n\t\t\t\t\t<\/div>\n\t\t<\/section>\n\t\t\t\t\t<\/div>\n\t\t<\/div>\n\t\t\t\t\t<\/div>\n\t\t<\/section>\n\t\t\t\t<section class=\"elementor-section elementor-top-section elementor-element elementor-element-ee1eee4 elementor-section-boxed elementor-section-height-default elementor-section-height-default\" data-id=\"ee1eee4\" data-element_type=\"section\" data-e-type=\"section\">\n\t\t\t\t\t\t<div class=\"elementor-container elementor-column-gap-default\">\n\t\t\t\t\t<div class=\"elementor-column elementor-col-100 elementor-top-column elementor-element elementor-element-3e19898\" data-id=\"3e19898\" data-element_type=\"column\" data-e-type=\"column\">\n\t\t\t<div class=\"elementor-widget-wrap elementor-element-populated\">\n\t\t\t\t\t\t<div class=\"elementor-element elementor-element-859c7ca elementor-widget elementor-widget-wp-widget-sggwidget\" data-id=\"859c7ca\" data-element_type=\"widget\" data-e-type=\"widget\" data-widget_type=\"wp-widget-sggwidget.default\">\n\t\t\t\t<div class=\"elementor-widget-container\">\n\t\t\t\t\t<div id=\"grid-gallery-6-58886\" data-gg-id=\"6\" data-title=\"Servicios\" data-grid-type=\"2\" data-offset=\"30.3\" data-area-position=\"center\" data-icons=\"\" data-preloader=\"true\" data-width=\"auto\" data-height=\"400\" data-padding=\"10\" data-quicksand=\"disabled\" data-quicksand-duration=\"none\" data-popup-theme=\"theme_6\" data-popup-type=\"pretty-photo\" data-popup-image-text=\"data-description\" data-popup-widthsize=\"auto\" data-popup-heightsize=\"auto\" data-popup-i18n-words=\"{&quot;close&quot;:&quot;close&quot;,&quot;next&quot;:&quot;next&quot;,&quot;previous&quot;:&quot;previous&quot;,&quot;start_slideshow&quot;:&quot;start slideshow&quot;,&quot;stop_slideshow&quot;:&quot;stop slideshow&quot;,&quot;image&quot;:&quot;image&quot;,&quot;of&quot;:&quot;of&quot;,&quot;prev&quot;:&quot;prev&quot;,&quot;cExpand&quot;:&quot;Expand&quot;,&quot;cPrevious&quot;:&quot;Previous&quot;,&quot;cNext&quot;:&quot;Next&quot;,&quot;cExpandStr&quot;:&quot;Expand the image&quot;,&quot;cRotate&quot;:&quot;Rotate&quot;,&quot;cDetails&quot;:&quot;Details&quot;}\" data-popup-slideshow=\"false\" data-popup-slideshow-speed=\"2500\" data-popup-hoverstop=\"true\" data-popup-slideshow-auto=\"false\" data-popup-background=\"\" data-popup-transparency=\"30\" data-popup-disable-history=\"\" data-popup-disable-changed-url=\"\" data-popup-border-type=\"solid\" data-popup-border-color=\"\" data-popup-border-width=\"\" data-popup-border-enable=\"\" data-fullscreen=\"false\" data-hide-tooltip=\"false\" data-caption-font-family=\"Default\" data-caption-text-size=\"140\" data-is-mobile=\"0\" data-caption-mobile=\"false\" data-hide-long-tltp-title=\"0\" data-caption-disabled-on-mobile=\"false\" data-popup-placement-type=\"0\" data-social-sharing=\"{&quot;enabled&quot;:&quot;&quot;,&quot;gallerySharing&quot;:{&quot;enabled&quot;:null,&quot;position&quot;:null},&quot;imageSharing&quot;:{&quot;enabled&quot;:null,&quot;wrapperClass&quot;:&quot; vertical &quot;},&quot;popupSharing&quot;:{&quot;enabled&quot;:null,&quot;wrapperClass&quot;:&quot; vertical &quot;}}\" class=\"grid-gallery grid-gallery-fixed \" style=\" width:100%; height:auto; margin-left:auto; margin-right:auto;position:relative;\"> <div class=\"gallery-loading\"> <div class=\"blocks\"> <div class=\"block\"><\/div> <div class=\"block\"><\/div> <div class=\"block\"><\/div> <div class=\"block\"><\/div> <\/div> <\/div> <div class=\"gallery-sharing-top\" style=\"display:none;\"> <\/div> <div id=\"photos-6\" class=\"grid-gallery-photos\"><FIGURE class=\"grid-gallery-caption\" data-grid-gallery-type=\"quarter-two-step\" data-index=\"0\" style=\"display:none;border-radius:200;; margin:15.15px; height:4000; width:auto;\" ><div class=\"crop\" style=\"\"><img decoding=\"async\" src=\"https:\/\/www.modelartspa.com\/mas\/wp-content\/uploads\/2023\/12\/Tratamientos-Corporales-308x400.png\" class=\"ggImg ggNotInitImg\" alt=\"T.-Corporales\" title=\"Tratamientos Corporales\" data-description=\"Tratamientos Corporales\" data-caption=\"Tratamientos Corporales\" data-title=\"Tratamientos Corporales\" style=\" height:400px; width:auto;\" \/><\/div><FIGCAPTION class=\"\" data-alpha=\"5\" style=\"color:#ffffff; background-color:#0c0000; font-size:140; text-align:left; font-family:Default;\" ><div class=\"grid-gallery-figcaption-wrap\" style=\"\"><\/div><\/FIGCAPTION><\/FIGURE><FIGURE class=\"grid-gallery-caption\" data-grid-gallery-type=\"quarter-two-step\" data-index=\"1\" style=\"display:none;border-radius:200;; margin:15.15px; height:4000; width:auto;\" ><div class=\"crop\" style=\"\"><img decoding=\"async\" src=\"https:\/\/www.modelartspa.com\/mas\/wp-content\/uploads\/2023\/12\/Tratamientos-Faciales-308x400.png\" class=\"ggImg ggNotInitImg\" alt=\"T.-Faciales\" title=\"Tratamientos Faciales\" data-description=\"Tratamientos Faciales\" data-caption=\"Tratamientos Faciales\" data-title=\"Tratamientos Faciales\" style=\" height:400px; width:auto;\" \/><\/div><FIGCAPTION class=\"\" data-alpha=\"5\" style=\"color:#ffffff; background-color:#0c0000; font-size:140; text-align:left; font-family:Default;\" ><div class=\"grid-gallery-figcaption-wrap\" style=\"\"><\/div><\/FIGCAPTION><\/FIGURE><FIGURE class=\"grid-gallery-caption\" data-grid-gallery-type=\"quarter-two-step\" data-index=\"2\" style=\"display:none;border-radius:200;; margin:15.15px; height:4000; width:auto;\" ><div class=\"crop\" style=\"\"><img decoding=\"async\" src=\"https:\/\/www.modelartspa.com\/mas\/wp-content\/uploads\/2023\/12\/Tratamientos-Relajantes-308x400.png\" class=\"ggImg ggNotInitImg\" alt=\"T.-Relajantes\" title=\"Tratamientos Relajantes\" data-description=\"Tratamientos Relajantes\" data-caption=\"Tratamientos Relajantes\" data-title=\"Tratamientos Relajantes\" style=\" height:400px; width:auto;\" \/><\/div><FIGCAPTION class=\"\" data-alpha=\"5\" style=\"color:#ffffff; background-color:#0c0000; font-size:140; text-align:left; font-family:Default;\" ><div class=\"grid-gallery-figcaption-wrap\" style=\"\"><\/div><\/FIGCAPTION><\/FIGURE> <div class=\"grid-gallery-clearfix\"><\/div> <\/div> <div class=\"gallery-sharing-bottom\" style=\"display:none;\"> <\/div> <div class=\"gallery-sharing-image\" style=\"display:none;\"> <\/div> <div class=\"gallery-sharing-popup\" style=\"display:none;\"> <\/div> <div class=\"grid-gallery-clearfix\"><\/div> <\/div> <!-- Gallery by Supsystic plugin1.16.0 --><a title=\"WordPress Gallery Plugin\" style=\"display:none;\" href=\"https:\/\/supsystic.com\/plugins\/photo-gallery\/?utm_medium=love_link\" target=\"_blank\">WordPress Gallery Plugin<\/a>\t\t\t\t<\/div>\n\t\t\t\t<\/div>\n\t\t\t\t\t<\/div>\n\t\t<\/div>\n\t\t\t\t\t<\/div>\n\t\t<\/section>\n\t\t\t\t<\/div>\n\t\t","protected":false},"excerpt":{"rendered":"<p>\u00a1Este tratamiento forma parte de nuestros cuidados esenciales! T\u00f3malo una vez por semana y dile adi\u00f3s al estr\u00e9s acumulado. En este masaje [&hellip;]<\/p>\n","protected":false},"author":1,"featured_media":0,"parent":0,"menu_order":0,"comment_status":"closed","ping_status":"closed","template":"elementor_header_footer","meta":{"footnotes":""},"class_list":["post-4848","page","type-page","status-publish","hentry"],"_links":{"self":[{"href":"https:\/\/www.modelartspa.com\/mas\/wp-json\/wp\/v2\/pages\/4848","targetHints":{"allow":["GET"]}}],"collection":[{"href":"https:\/\/www.modelartspa.com\/mas\/wp-json\/wp\/v2\/pages"}],"about":[{"href":"https:\/\/www.modelartspa.com\/mas\/wp-json\/wp\/v2\/types\/page"}],"author":[{"embeddable":true,"href":"https:\/\/www.modelartspa.com\/mas\/wp-json\/wp\/v2\/users\/1"}],"replies":[{"embeddable":true,"href":"https:\/\/www.modelartspa.com\/mas\/wp-json\/wp\/v2\/comments?post=4848"}],"version-history":[{"count":4,"href":"https:\/\/www.modelartspa.com\/mas\/wp-json\/wp\/v2\/pages\/4848\/revisions"}],"predecessor-version":[{"id":5061,"href":"https:\/\/www.modelartspa.com\/mas\/wp-json\/wp\/v2\/pages\/4848\/revisions\/5061"}],"wp:attachment":[{"href":"https:\/\/www.modelartspa.com\/mas\/wp-json\/wp\/v2\/media?parent=4848"}],"curies":[{"name":"wp","href":"https:\/\/api.w.org\/{rel}","templated":true}]}}