{"id":9797,"date":"2024-02-28T17:59:36","date_gmt":"2024-02-28T17:59:36","guid":{"rendered":"https:\/\/www.modelartspa.com\/mas\/?page_id=9797"},"modified":"2024-02-28T19:13:46","modified_gmt":"2024-02-28T19:13:46","slug":"sucursales-yucatan","status":"publish","type":"page","link":"https:\/\/www.modelartspa.com\/mas\/sucursales-yucatan\/","title":{"rendered":"Sucursales Yucat\u00e1n"},"content":{"rendered":"\t\t<div data-elementor-type=\"wp-page\" data-elementor-id=\"9797\" class=\"elementor elementor-9797\">\n\t\t\t\t\t\t<section class=\"elementor-section elementor-top-section elementor-element elementor-element-c142dae elementor-section-boxed elementor-section-height-default elementor-section-height-default\" data-id=\"c142dae\" data-element_type=\"section\" data-e-type=\"section\">\n\t\t\t\t\t\t<div class=\"elementor-container elementor-column-gap-default\">\n\t\t\t\t\t<div class=\"elementor-column elementor-col-100 elementor-top-column elementor-element elementor-element-b576a6a\" data-id=\"b576a6a\" data-element_type=\"column\" data-e-type=\"column\">\n\t\t\t<div class=\"elementor-widget-wrap elementor-element-populated\">\n\t\t\t\t\t\t<div class=\"elementor-element elementor-element-84b65eb elementor-widget elementor-widget-heading\" data-id=\"84b65eb\" data-element_type=\"widget\" data-e-type=\"widget\" data-widget_type=\"heading.default\">\n\t\t\t\t<div class=\"elementor-widget-container\">\n\t\t\t\t\t<h3 class=\"elementor-heading-title elementor-size-default\"><br>Yucat\u00e1n<\/h3>\t\t\t\t<\/div>\n\t\t\t\t<\/div>\n\t\t\t\t\t<\/div>\n\t\t<\/div>\n\t\t\t\t\t<\/div>\n\t\t<\/section>\n\t\t\t\t<section class=\"elementor-section elementor-top-section elementor-element elementor-element-0b00288 elementor-section-boxed elementor-section-height-default elementor-section-height-default\" data-id=\"0b00288\" data-element_type=\"section\" data-e-type=\"section\">\n\t\t\t\t\t\t<div class=\"elementor-container elementor-column-gap-default\">\n\t\t\t\t\t<div class=\"elementor-column elementor-col-100 elementor-top-column elementor-element elementor-element-4a021eb\" data-id=\"4a021eb\" data-element_type=\"column\" data-e-type=\"column\">\n\t\t\t<div class=\"elementor-widget-wrap elementor-element-populated\">\n\t\t\t\t\t\t<div class=\"elementor-element elementor-element-2918262 elementor-widget-divider--view-line elementor-widget elementor-widget-divider\" data-id=\"2918262\" data-element_type=\"widget\" data-e-type=\"widget\" data-widget_type=\"divider.default\">\n\t\t\t\t<div class=\"elementor-widget-container\">\n\t\t\t\t\t\t\t<div class=\"elementor-divider\">\n\t\t\t<span class=\"elementor-divider-separator\">\n\t\t\t\t\t\t<\/span>\n\t\t<\/div>\n\t\t\t\t\t\t<\/div>\n\t\t\t\t<\/div>\n\t\t\t\t\t<\/div>\n\t\t<\/div>\n\t\t\t\t\t<\/div>\n\t\t<\/section>\n\t\t<div class=\"elementor-element elementor-element-107bf51 e-flex e-con-boxed e-con e-parent\" data-id=\"107bf51\" data-element_type=\"container\" data-e-type=\"container\">\n\t\t\t\t\t<div class=\"e-con-inner\">\n\t\t\t\t<div class=\"elementor-element elementor-element-ce0a334 elementor-widget elementor-widget-image\" data-id=\"ce0a334\" data-element_type=\"widget\" data-e-type=\"widget\" data-widget_type=\"image.default\">\n\t\t\t\t<div class=\"elementor-widget-container\">\n\t\t\t\t\t\t\t\t\t\t\t\t\t\t\t<img decoding=\"async\" src=\"https:\/\/www.modelartspa.com\/mas\/wp-content\/uploads\/elementor\/thumbs\/Premium-qjuohdv6037v34ipbltdhpawcu61x2l0f6i6yyb0lk.png\" title=\"Premium\" alt=\"Premium\" loading=\"lazy\" \/>\t\t\t\t\t\t\t\t\t\t\t\t\t\t\t<\/div>\n\t\t\t\t<\/div>\n\t\t\t\t\t<\/div>\n\t\t\t\t<\/div>\n\t\t\t\t<section class=\"elementor-section elementor-top-section elementor-element elementor-element-dfbf688 elementor-section-boxed elementor-section-height-default elementor-section-height-default\" data-id=\"dfbf688\" data-element_type=\"section\" data-e-type=\"section\">\n\t\t\t\t\t\t<div class=\"elementor-container elementor-column-gap-default\">\n\t\t\t\t\t<div class=\"elementor-column elementor-col-50 elementor-top-column elementor-element elementor-element-d0c4915\" data-id=\"d0c4915\" data-element_type=\"column\" data-e-type=\"column\">\n\t\t\t<div class=\"elementor-widget-wrap elementor-element-populated\">\n\t\t\t\t\t\t<div class=\"elementor-element elementor-element-f93d39d elementor-widget elementor-widget-google_maps\" data-id=\"f93d39d\" data-element_type=\"widget\" data-e-type=\"widget\" data-widget_type=\"google_maps.default\">\n\t\t\t\t<div class=\"elementor-widget-container\">\n\t\t\t\t\t\t\t<div class=\"elementor-custom-embed\">\n\t\t\t<iframe loading=\"lazy\"\n\t\t\t\t\tsrc=\"https:\/\/maps.google.com\/maps?q=%20C.%2030%20323A%2C%20Montebello%2C%2097130%20M%C3%A9rida%2C%20Yuc.&#038;t=m&#038;z=12&#038;output=embed&#038;iwloc=near\"\n\t\t\t\t\ttitle=\" C. 30 323A, Montebello, 97130 M\u00e9rida, Yuc.\"\n\t\t\t\t\taria-label=\" C. 30 323A, Montebello, 97130 M\u00e9rida, Yuc.\"\n\t\t\t><\/iframe>\n\t\t<\/div>\n\t\t\t\t\t\t<\/div>\n\t\t\t\t<\/div>\n\t\t\t\t\t<\/div>\n\t\t<\/div>\n\t\t\t\t<div class=\"elementor-column elementor-col-50 elementor-top-column elementor-element elementor-element-3246ea7\" data-id=\"3246ea7\" data-element_type=\"column\" data-e-type=\"column\">\n\t\t\t<div class=\"elementor-widget-wrap elementor-element-populated\">\n\t\t\t\t\t\t<div class=\"elementor-element elementor-element-c78b0aa elementor-widget elementor-widget-heading\" data-id=\"c78b0aa\" data-element_type=\"widget\" data-e-type=\"widget\" data-widget_type=\"heading.default\">\n\t\t\t\t<div class=\"elementor-widget-container\">\n\t\t\t\t\t<h5 class=\"elementor-heading-title elementor-size-medium\">Model Art Spa M\u00e9rida Norte<\/h5>\t\t\t\t<\/div>\n\t\t\t\t<\/div>\n\t\t\t\t<div class=\"elementor-element elementor-element-391c61c elementor-widget elementor-widget-text-editor\" data-id=\"391c61c\" data-element_type=\"widget\" data-e-type=\"widget\" data-widget_type=\"text-editor.default\">\n\t\t\t\t<div class=\"elementor-widget-container\">\n\t\t\t\t\t\t\t\t\t<h6>Direcci\u00f3n: <span style=\"font-weight: normal;\">C. 30 323A, Montebello, M\u00e9rida Yucat\u00e1n, C.P. 97130<\/span><\/h6><h6>Referencias: <span style=\"font-weight: normal;\">Entre Av. Andres Garcia Lavin y C.<\/span>25<\/h6><h6>Telefono:<span style=\"font-weight: normal;\">\u00a0<\/span><\/h6><h6>Celular:<span style=\"font-weight: normal;\">\u00a0999 441 5076<br \/><\/span><\/h6><h6>Horario de atenci\u00f3n:\u00a0<\/h6><h6><span style=\"font-weight: 400;\">Lunes a Viernes de 8:00 a 20:00\u00a0<\/span><\/h6><h6><img decoding=\"async\" class=\"alignnone wp-image-6415\" style=\"font-size: 10.72px;\" src=\"https:\/\/www.modelartspa.com\/mas\/wp-content\/uploads\/2022\/04\/whatsapp.png\" alt=\"\" width=\"50\" height=\"50\" srcset=\"https:\/\/www.modelartspa.com\/mas\/wp-content\/uploads\/2022\/04\/whatsapp.png 1000w, https:\/\/www.modelartspa.com\/mas\/wp-content\/uploads\/2022\/04\/whatsapp-420x420.png 420w, https:\/\/www.modelartspa.com\/mas\/wp-content\/uploads\/2022\/04\/whatsapp-100x100.png 100w, https:\/\/www.modelartspa.com\/mas\/wp-content\/uploads\/2022\/04\/whatsapp-800x800.png 800w, https:\/\/www.modelartspa.com\/mas\/wp-content\/uploads\/2022\/04\/whatsapp-300x300.png 300w, https:\/\/www.modelartspa.com\/mas\/wp-content\/uploads\/2022\/04\/whatsapp-150x150.png 150w, https:\/\/www.modelartspa.com\/mas\/wp-content\/uploads\/2022\/04\/whatsapp-768x768.png 768w, https:\/\/www.modelartspa.com\/mas\/wp-content\/uploads\/2022\/04\/whatsapp-830x830.png 830w, https:\/\/www.modelartspa.com\/mas\/wp-content\/uploads\/2022\/04\/whatsapp-230x230.png 230w, https:\/\/www.modelartspa.com\/mas\/wp-content\/uploads\/2022\/04\/whatsapp-350x350.png 350w, https:\/\/www.modelartspa.com\/mas\/wp-content\/uploads\/2022\/04\/whatsapp-480x480.png 480w, https:\/\/www.modelartspa.com\/mas\/wp-content\/uploads\/2022\/04\/whatsapp-600x600.png 600w\" sizes=\"(max-width: 50px) 100vw, 50px\" \/><\/h6>\t\t\t\t\t\t\t\t<\/div>\n\t\t\t\t<\/div>\n\t\t\t\t\t<\/div>\n\t\t<\/div>\n\t\t\t\t\t<\/div>\n\t\t<\/section>\n\t\t\t\t<section class=\"elementor-section elementor-top-section elementor-element elementor-element-3b85b28 elementor-section-boxed elementor-section-height-default elementor-section-height-default\" data-id=\"3b85b28\" data-element_type=\"section\" data-e-type=\"section\">\n\t\t\t\t\t\t<div class=\"elementor-container elementor-column-gap-default\">\n\t\t\t\t\t<div class=\"elementor-column elementor-col-100 elementor-top-column elementor-element elementor-element-a5abe46\" data-id=\"a5abe46\" data-element_type=\"column\" data-e-type=\"column\">\n\t\t\t<div class=\"elementor-widget-wrap elementor-element-populated\">\n\t\t\t\t\t\t<div class=\"elementor-element elementor-element-9216a23 elementor-widget-divider--view-line elementor-widget elementor-widget-divider\" data-id=\"9216a23\" data-element_type=\"widget\" data-e-type=\"widget\" data-widget_type=\"divider.default\">\n\t\t\t\t<div class=\"elementor-widget-container\">\n\t\t\t\t\t\t\t<div class=\"elementor-divider\">\n\t\t\t<span class=\"elementor-divider-separator\">\n\t\t\t\t\t\t<\/span>\n\t\t<\/div>\n\t\t\t\t\t\t<\/div>\n\t\t\t\t<\/div>\n\t\t\t\t\t<\/div>\n\t\t<\/div>\n\t\t\t\t\t<\/div>\n\t\t<\/section>\n\t\t<div class=\"elementor-element elementor-element-796503d e-flex e-con-boxed e-con e-parent\" data-id=\"796503d\" data-element_type=\"container\" data-e-type=\"container\">\n\t\t\t\t\t<div class=\"e-con-inner\">\n\t\t\t\t\t<\/div>\n\t\t\t\t<\/div>\n\t\t\t\t<\/div>\n\t\t","protected":false},"excerpt":{"rendered":"<p>Yucat\u00e1n Model Art Spa M\u00e9rida Norte Direcci\u00f3n: C. 30 323A, Montebello, M\u00e9rida Yucat\u00e1n, C.P. 97130 Referencias: Entre Av. Andres Garcia Lavin y [&hellip;]<\/p>\n","protected":false},"author":1,"featured_media":0,"parent":0,"menu_order":0,"comment_status":"closed","ping_status":"closed","template":"elementor_header_footer","meta":{"footnotes":""},"class_list":["post-9797","page","type-page","status-publish","hentry"],"_links":{"self":[{"href":"https:\/\/www.modelartspa.com\/mas\/wp-json\/wp\/v2\/pages\/9797","targetHints":{"allow":["GET"]}}],"collection":[{"href":"https:\/\/www.modelartspa.com\/mas\/wp-json\/wp\/v2\/pages"}],"about":[{"href":"https:\/\/www.modelartspa.com\/mas\/wp-json\/wp\/v2\/types\/page"}],"author":[{"embeddable":true,"href":"https:\/\/www.modelartspa.com\/mas\/wp-json\/wp\/v2\/users\/1"}],"replies":[{"embeddable":true,"href":"https:\/\/www.modelartspa.com\/mas\/wp-json\/wp\/v2\/comments?post=9797"}],"version-history":[{"count":28,"href":"https:\/\/www.modelartspa.com\/mas\/wp-json\/wp\/v2\/pages\/9797\/revisions"}],"predecessor-version":[{"id":9832,"href":"https:\/\/www.modelartspa.com\/mas\/wp-json\/wp\/v2\/pages\/9797\/revisions\/9832"}],"wp:attachment":[{"href":"https:\/\/www.modelartspa.com\/mas\/wp-json\/wp\/v2\/media?parent=9797"}],"curies":[{"name":"wp","href":"https:\/\/api.w.org\/{rel}","templated":true}]}}